{"id":58319,"date":"2021-07-04T22:00:44","date_gmt":"2021-07-04T20:00:44","guid":{"rendered":"https:\/\/rpalazzo.com\/about-us\/"},"modified":"2025-07-08T13:16:09","modified_gmt":"2025-07-08T11:16:09","slug":"o-nama","status":"publish","type":"page","link":"https:\/\/rpalazzo.com\/sr\/o-nama\/","title":{"rendered":"O nama"},"content":{"rendered":"<div class=\"wpb-content-wrapper\"><p>[vc_row css=&#8220;.vc_custom_1584353152454{padding-top: 80px !important;padding-bottom: 30px !important;}&#8220; el_id=&#8220;about&#8220;][vc_column][vc_row_inner content_placement=&#8220;middle&#8220; css=&#8220;.vc_custom_1509566305273{padding-bottom: 20px !important;}&#8220;][vc_column_inner css=&#8220;.vc_custom_1509566445127{padding-bottom: 50px !important;}&#8220; offset=&#8220;vc_col-lg-6 vc_col-md-6&#8243;]<style type=\"text\/css\" data-type=\"the7_shortcodes-inline-css\">.shortcode-single-image-wrap.shortcode-single-image-7ca0d1bf8f2ec77f527ec3d9814522be.enable-bg-rollover .rollover i,\n.shortcode-single-image-wrap.shortcode-single-image-7ca0d1bf8f2ec77f527ec3d9814522be.enable-bg-rollover .rollover-video i {\n  background: -webkit-linear-gradient();\n  background: linear-gradient();\n}\n.shortcode-single-image-wrap.shortcode-single-image-7ca0d1bf8f2ec77f527ec3d9814522be .rollover-icon {\n  font-size: 32px;\n  color: #ffffff;\n  min-width: 60px;\n  min-height: 60px;\n  line-height: 60px;\n  border-radius: 0px;\n  border-style: solid;\n  border-width: 0px;\n}<\/style><div class=\"shortcode-single-image-wrap shortcode-single-image-7ca0d1bf8f2ec77f527ec3d9814522be alignnone bounceInUp animate-element  vc_custom_1625429628524 enable-bg-rollover dt-icon-bg-on\" ><div class=\"shortcode-single-image\"><div class=\"fancy-media-wrap\" style=\"\"><a class=\"layzr-bg rollover rollover-zoom dt-pswp-item pswp-image\" href=\"https:\/\/rpalazzo.com\/wp-content\/uploads\/2021\/07\/4.jpg\" title=\"4\" data-dt-img-description=\"\" data-large_image_width=\"1000\" data-large_image_height = \"659\"  style=\"\"><img fetchpriority=\"high\" decoding=\"async\" class=\"preload-me lazy-load aspect\" src=\"data:image\/svg+xml,%3Csvg%20xmlns%3D&#39;http%3A%2F%2Fwww.w3.org%2F2000%2Fsvg&#39;%20viewBox%3D&#39;0%200%20600%20400&#39;%2F%3E\" data-src=\"https:\/\/rpalazzo.com\/wp-content\/uploads\/2021\/07\/4-600x400.jpg\" data-srcset=\"https:\/\/rpalazzo.com\/wp-content\/uploads\/2021\/07\/4-600x400.jpg 600w, https:\/\/rpalazzo.com\/wp-content\/uploads\/2021\/07\/4-988x659.jpg 988w\" loading=\"eager\" style=\"--ratio: 600 \/ 400\" sizes=\"(max-width: 600px) 100vw, 600px\" width=\"600\" height=\"400\"  data-dt-location=\"https:\/\/rpalazzo.com\/sr\/4\/\" alt=\"\" \/><span class=\" rollover-icon icomoon-the7-font-the7-zoom-03\"><\/span><\/a><\/div><\/div><\/div>[\/vc_column_inner][vc_column_inner css=&#8220;.vc_custom_1509566455479{padding-bottom: 50px !important;}&#8220; offset=&#8220;vc_col-lg-6 vc_col-md-6&#8243;]<div id=\"ultimate-heading-562769f13205c27ce\" class=\"uvc-heading ult-adjust-bottom-margin ultimate-heading-562769f13205c27ce uvc-668 \" data-hspacer=\"no_spacer\"  data-halign=\"left\" style=\"text-align:left\"><div class=\"uvc-heading-spacer no_spacer\" style=\"top\"><\/div><div class=\"uvc-main-heading ult-responsive\"  data-ultimate-target='.uvc-heading.ultimate-heading-562769f13205c27ce h2'  data-responsive-json-new='{\"font-size\":\"desktop:30px;mobile_landscape:26px;\",\"line-height\":\"desktop:38px;mobile_landscape:36px;\"}' ><h2 style=\"font-weight:bold;color:#464646;margin-bottom:10px;\">Dobro do\u0161li u Boutique Hotel R Palazzo,<\/h2><\/div><div class=\"uvc-sub-heading ult-responsive\"  data-ultimate-target='.uvc-heading.ultimate-heading-562769f13205c27ce .uvc-sub-heading '  data-responsive-json-new='{\"font-size\":\"\",\"line-height\":\"desktop:28px;\"}'  style=\"font-weight:normal;margin-bottom:20px;\">Ekskluzivni hotel sa 4 zvjezdice u srcu Boke Kotorske. Na\u0161 hotel nudi samo 11 pa\u017eljivo dizajniranih smje\u0161tajnih jedinica, \u0161to ga \u010dini idealnim mjestom za goste koji tra\u017ee mir, luksuz i personalizovanu uslugu. Zahvaljujuc\u0301i malom broju soba, na\u0161 tim mo\u017ee se posvjetiti svakom gostu pojedina\u010dno, pru\u017eajuc\u0301i diskretnu, ali potpunu pa\u017enju i vrhunsku uslugu &#8211; od trenutka va\u0161eg dolaska do poslednjeg dana va\u0161eg boravka.<\/div><\/div>[\/vc_column_inner][\/vc_row_inner][vc_row_inner content_placement=&#8220;middle&#8220; css=&#8220;.vc_custom_1509566305273{padding-bottom: 20px !important;}&#8220;][vc_column_inner css=&#8220;.vc_custom_1509566445127{padding-bottom: 50px !important;}&#8220; offset=&#8220;vc_col-lg-6 vc_col-md-6&#8243;]<div id=\"ultimate-heading-447369f13205c2850\" class=\"uvc-heading ult-adjust-bottom-margin ultimate-heading-447369f13205c2850 uvc-2627 \" data-hspacer=\"no_spacer\"  data-halign=\"left\" style=\"text-align:left\"><div class=\"uvc-heading-spacer no_spacer\" style=\"top\"><\/div><div class=\"uvc-sub-heading ult-responsive\"  data-ultimate-target='.uvc-heading.ultimate-heading-447369f13205c2850 .uvc-sub-heading '  data-responsive-json-new='{\"font-size\":\"\",\"line-height\":\"desktop:28px;\"}'  style=\"font-weight:normal;margin-bottom:20px;\">Bez obzira da li dolazite na odmor, romanti\u010dno putovanje ili poslovni boravak, ovde c\u0301ete osjetiti pravi duh butik gostoprimstva: pa\u017eljivo ure\u0111en enterijer, ti\u0161inu i udobnost, sa pogledom na more i uslugom koja prevazilazi o\u010dekivanja.<\/p>\n<p>&nbsp;<\/p>\n<p><\/div><\/div>[\/vc_column_inner][vc_column_inner css=&#8220;.vc_custom_1509566455479{padding-bottom: 50px !important;}&#8220; offset=&#8220;vc_col-lg-6 vc_col-md-6&#8243;]<style type=\"text\/css\" data-type=\"the7_shortcodes-inline-css\">.shortcode-single-image-wrap.shortcode-single-image-091aec32eee9e619ab18e00a00b64806.enable-bg-rollover .rollover i,\n.shortcode-single-image-wrap.shortcode-single-image-091aec32eee9e619ab18e00a00b64806.enable-bg-rollover .rollover-video i {\n  background: -webkit-linear-gradient();\n  background: linear-gradient();\n}\n.shortcode-single-image-wrap.shortcode-single-image-091aec32eee9e619ab18e00a00b64806 .rollover-icon {\n  font-size: 32px;\n  color: #ffffff;\n  min-width: 60px;\n  min-height: 60px;\n  line-height: 60px;\n  border-radius: 0px;\n  border-style: solid;\n  border-width: 0px;\n}<\/style><div class=\"shortcode-single-image-wrap shortcode-single-image-091aec32eee9e619ab18e00a00b64806 alignnone bounceInUp animate-element  vc_custom_1625429642947 enable-bg-rollover dt-icon-bg-on\" ><div class=\"shortcode-single-image\"><div class=\"fancy-media-wrap\" style=\"\"><a class=\"layzr-bg rollover rollover-zoom dt-pswp-item pswp-image\" href=\"https:\/\/rpalazzo.com\/wp-content\/uploads\/2021\/07\/DSC03531.jpg\" title=\"DSC03531\" data-dt-img-description=\"\" data-large_image_width=\"1000\" data-large_image_height = \"667\"  style=\"\"><img decoding=\"async\" class=\"preload-me lazy-load aspect\" src=\"data:image\/svg+xml,%3Csvg%20xmlns%3D&#39;http%3A%2F%2Fwww.w3.org%2F2000%2Fsvg&#39;%20viewBox%3D&#39;0%200%20600%20400&#39;%2F%3E\" data-src=\"https:\/\/rpalazzo.com\/wp-content\/uploads\/2021\/07\/DSC03531-600x400.jpg\" data-srcset=\"https:\/\/rpalazzo.com\/wp-content\/uploads\/2021\/07\/DSC03531-600x400.jpg 600w, https:\/\/rpalazzo.com\/wp-content\/uploads\/2021\/07\/DSC03531.jpg 1000w\" loading=\"eager\" style=\"--ratio: 600 \/ 400\" sizes=\"(max-width: 600px) 100vw, 600px\" width=\"600\" height=\"400\"  data-dt-location=\"https:\/\/rpalazzo.com\/sr\/dsc03531\/\" alt=\"\" \/><span class=\" rollover-icon icomoon-the7-font-the7-zoom-03\"><\/span><\/a><\/div><\/div><\/div>[\/vc_column_inner][\/vc_row_inner][vc_row_inner content_placement=&#8220;middle&#8220; css=&#8220;.vc_custom_1509566305273{padding-bottom: 20px !important;}&#8220;][vc_column_inner css=&#8220;.vc_custom_1509566445127{padding-bottom: 50px !important;}&#8220; offset=&#8220;vc_col-lg-6 vc_col-md-6&#8243;]<style type=\"text\/css\" data-type=\"the7_shortcodes-inline-css\">.shortcode-single-image-wrap.shortcode-single-image-2f233d5dfecb27ed4c0a8e71733436bc.enable-bg-rollover .rollover i,\n.shortcode-single-image-wrap.shortcode-single-image-2f233d5dfecb27ed4c0a8e71733436bc.enable-bg-rollover .rollover-video i {\n  background: -webkit-linear-gradient();\n  background: linear-gradient();\n}\n.shortcode-single-image-wrap.shortcode-single-image-2f233d5dfecb27ed4c0a8e71733436bc .rollover-icon {\n  font-size: 32px;\n  color: #ffffff;\n  min-width: 60px;\n  min-height: 60px;\n  line-height: 60px;\n  border-radius: 0px;\n  border-style: solid;\n  border-width: 0px;\n}<\/style><div class=\"shortcode-single-image-wrap shortcode-single-image-2f233d5dfecb27ed4c0a8e71733436bc alignnone bounceInUp animate-element  vc_custom_1625429603513 enable-bg-rollover dt-icon-bg-on\" ><div class=\"shortcode-single-image\"><div class=\"fancy-media-wrap\" style=\"\"><a class=\"layzr-bg rollover rollover-zoom dt-pswp-item pswp-image\" href=\"https:\/\/rpalazzo.com\/wp-content\/uploads\/2021\/07\/13.jpg\" title=\"13\" data-dt-img-description=\"\" data-large_image_width=\"1000\" data-large_image_height = \"667\"  style=\"\"><img decoding=\"async\" class=\"preload-me lazy-load aspect\" src=\"data:image\/svg+xml,%3Csvg%20xmlns%3D&#39;http%3A%2F%2Fwww.w3.org%2F2000%2Fsvg&#39;%20viewBox%3D&#39;0%200%20600%20400&#39;%2F%3E\" data-src=\"https:\/\/rpalazzo.com\/wp-content\/uploads\/2021\/07\/13-600x400.jpg\" data-srcset=\"https:\/\/rpalazzo.com\/wp-content\/uploads\/2021\/07\/13-600x400.jpg 600w, https:\/\/rpalazzo.com\/wp-content\/uploads\/2021\/07\/13.jpg 1000w\" loading=\"eager\" style=\"--ratio: 600 \/ 400\" sizes=\"(max-width: 600px) 100vw, 600px\" width=\"600\" height=\"400\"  data-dt-location=\"https:\/\/rpalazzo.com\/sr\/13\/\" alt=\"\" \/><span class=\" rollover-icon icomoon-the7-font-the7-zoom-03\"><\/span><\/a><\/div><\/div><\/div>[\/vc_column_inner][vc_column_inner css=&#8220;.vc_custom_1509566455479{padding-bottom: 50px !important;}&#8220; offset=&#8220;vc_col-lg-6 vc_col-md-6&#8243;]<div id=\"ultimate-heading-521769f13205c3b1e\" class=\"uvc-heading ult-adjust-bottom-margin ultimate-heading-521769f13205c3b1e uvc-5958 \" data-hspacer=\"no_spacer\"  data-halign=\"left\" style=\"text-align:left\"><div class=\"uvc-heading-spacer no_spacer\" style=\"top\"><\/div><div class=\"uvc-sub-heading ult-responsive\"  data-ultimate-target='.uvc-heading.ultimate-heading-521769f13205c3b1e .uvc-sub-heading '  data-responsive-json-new='{\"font-size\":\"\",\"line-height\":\"desktop:28px;\"}'  style=\"font-weight:normal;margin-bottom:20px;\">Kotorska sat kula je udaljena 3,9 km od hotela, dok je Morska kapija &#8211; Glavni ulaz udaljen 4,2 km. Najbli\u017ei aerodrom je aerodrom Tivat, 7 km od hotela R Palazzo.<\/p>\n<p>Ovo je omiljeni deo Kotora prema ocjenama na\u0161ih gostiju.<\/div><\/div>[\/vc_column_inner][\/vc_row_inner][\/vc_column][\/vc_row][vc_row full_width=&#8220;stretch_row_content&#8220; disable_element=&#8220;yes&#8220;][vc_column css=&#8220;.vc_custom_1582880926495{padding-top: 50px !important;}&#8220;][vc_row_inner][vc_column_inner width=&#8220;1\/3&#8243;][\/vc_column_inner][vc_column_inner width=&#8220;1\/3&#8243;]<div id=\"ultimate-heading-869069f13205c3ba8\" class=\"uvc-heading ult-adjust-bottom-margin ultimate-heading-869069f13205c3ba8 uvc-5726 accent-border-color accent-title-color\" data-hspacer=\"line_only\"  data-halign=\"center\" style=\"text-align:center\"><div class=\"uvc-main-heading ult-responsive\"  data-ultimate-target='.uvc-heading.ultimate-heading-869069f13205c3ba8 h1'  data-responsive-json-new='{\"font-size\":\"desktop:35px;\",\"line-height\":\"desktop:35px;\"}' ><h1 style=\"font-weight:bold;color:#cacdd1;margin-bottom:5px;\">TESTIMONIALS<\/h1><\/div><div class=\"uvc-heading-spacer line_only\" style=\"margin-bottom:30px;height:2px;\"><span class=\"uvc-headings-line\" style=\"border-style:solid;border-bottom-width:2px;border-color:;width:240px;\"><\/span><\/div><div class=\"uvc-sub-heading ult-responsive\"  data-ultimate-target='.uvc-heading.ultimate-heading-869069f13205c3ba8 .uvc-sub-heading '  data-responsive-json-new='{\"font-size\":\"desktop:24px;\",\"line-height\":\"desktop:35px;\"}'  style=\"font-weight:bold;color:#cacdd1;margin-bottom:35px;\"><\/p>\n<p>Coments of our guests<\/p>\n<p><\/div><\/div>[\/vc_column_inner][vc_column_inner width=&#8220;1\/3&#8243;][\/vc_column_inner][\/vc_row_inner][vc_row_inner css=&#8220;.vc_custom_1625416952277{padding-right: 50px !important;padding-left: 50px !important;}&#8220;][vc_column_inner][dt_testimonials_carousel content_layout=&#8220;layout_3&#8243; content_alignment=&#8220;center&#8220; img_max_width=&#8220;80px&#8220; img_border_radius=&#8220;500px&#8220; slides_on_desk=&#8220;4&#8243; testimonial_name=&#8220;n&#8220; testimonial_position=&#8220;n&#8220; content_bottom_margin=&#8220;0px&#8220; arrow_bg_width=&#8220;36x&#8220; arrow_border_width=&#8220;0px&#8220; r_arrow_icon_paddings=&#8220;0px 0px 0px 0px&#8220; r_arrow_v_offset=&#8220;0px&#8220; l_arrow_icon_paddings=&#8220;0px 0px 0px 0px&#8220; l_arrow_v_offset=&#8220;0px&#8220; category=&#8220;&#8220; css_dt_testimonials_carousel=&#8220;.vc_custom_1625416896069{padding-right: 50px !important;padding-left: 50px !important;}&#8220;][\/vc_column_inner][\/vc_row_inner][\/vc_column][\/vc_row]<\/p>\n<\/div>","protected":false},"excerpt":{"rendered":"<p>[vc_row css=&#8220;.vc_custom_1584353152454{padding-top: 80px !important;padding-bottom: 30px !important;}&#8220; el_id=&#8220;about&#8220;][vc_column][vc_row_inner content_placement=&#8220;middle&#8220; css=&#8220;.vc_custom_1509566305273{padding-bottom: 20px !important;}&#8220;][vc_column_inner css=&#8220;.vc_custom_1509566445127{padding-bottom: 50px !important;}&#8220; offset=&#8220;vc_col-lg-6 vc_col-md-6&#8243;][\/vc_column_inner][vc_column_inner css=&#8220;.vc_custom_1509566455479{padding-bottom: 50px !important;}&#8220; offset=&#8220;vc_col-lg-6 vc_col-md-6&#8243;][\/vc_column_inner][\/vc_row_inner][vc_row_inner content_placement=&#8220;middle&#8220; css=&#8220;.vc_custom_1509566305273{padding-bottom: 20px !important;}&#8220;][vc_column_inner css=&#8220;.vc_custom_1509566445127{padding-bottom: 50px !important;}&#8220; offset=&#8220;vc_col-lg-6 vc_col-md-6&#8243;][\/vc_column_inner][vc_column_inner css=&#8220;.vc_custom_1509566455479{padding-bottom: 50px !important;}&#8220; offset=&#8220;vc_col-lg-6 vc_col-md-6&#8243;][\/vc_column_inner][\/vc_row_inner][vc_row_inner content_placement=&#8220;middle&#8220; css=&#8220;.vc_custom_1509566305273{padding-bottom: 20px !important;}&#8220;][vc_column_inner css=&#8220;.vc_custom_1509566445127{padding-bottom: 50px !important;}&#8220; offset=&#8220;vc_col-lg-6 vc_col-md-6&#8243;][\/vc_column_inner][vc_column_inner css=&#8220;.vc_custom_1509566455479{padding-bottom: 50px !important;}&#8220; offset=&#8220;vc_col-lg-6 vc_col-md-6&#8243;][\/vc_column_inner][\/vc_row_inner][\/vc_column][\/vc_row][vc_row full_width=&#8220;stretch_row_content&#8220; disable_element=&#8220;yes&#8220;][vc_column css=&#8220;.vc_custom_1582880926495{padding-top: 50px !important;}&#8220;][vc_row_inner][vc_column_inner width=&#8220;1\/3&#8243;][\/vc_column_inner][vc_column_inner&hellip;<\/p>\n","protected":false},"author":1,"featured_media":0,"parent":0,"menu_order":0,"comment_status":"closed","ping_status":"closed","template":"","meta":{"footnotes":""},"class_list":["post-58319","page","type-page","status-publish","hentry","description-off"],"_links":{"self":[{"href":"https:\/\/rpalazzo.com\/sr\/wp-json\/wp\/v2\/pages\/58319","targetHints":{"allow":["GET"]}}],"collection":[{"href":"https:\/\/rpalazzo.com\/sr\/wp-json\/wp\/v2\/pages"}],"about":[{"href":"https:\/\/rpalazzo.com\/sr\/wp-json\/wp\/v2\/types\/page"}],"author":[{"embeddable":true,"href":"https:\/\/rpalazzo.com\/sr\/wp-json\/wp\/v2\/users\/1"}],"replies":[{"embeddable":true,"href":"https:\/\/rpalazzo.com\/sr\/wp-json\/wp\/v2\/comments?post=58319"}],"version-history":[{"count":2,"href":"https:\/\/rpalazzo.com\/sr\/wp-json\/wp\/v2\/pages\/58319\/revisions"}],"predecessor-version":[{"id":58328,"href":"https:\/\/rpalazzo.com\/sr\/wp-json\/wp\/v2\/pages\/58319\/revisions\/58328"}],"wp:attachment":[{"href":"https:\/\/rpalazzo.com\/sr\/wp-json\/wp\/v2\/media?parent=58319"}],"curies":[{"name":"wp","href":"https:\/\/api.w.org\/{rel}","templated":true}]}}