{"id":58323,"date":"2021-07-04T15:22:17","date_gmt":"2021-07-04T13:22:17","guid":{"rendered":"https:\/\/rpalazzo.com\/pool\/"},"modified":"2025-07-08T13:19:34","modified_gmt":"2025-07-08T11:19:34","slug":"pool","status":"publish","type":"page","link":"https:\/\/rpalazzo.com\/sr\/pool\/","title":{"rendered":"Bazen"},"content":{"rendered":"<div class=\"wpb-content-wrapper\"><p>[vc_row css=&#8220;.vc_custom_1625427972204{padding-bottom: 30px !important;}&#8220;][vc_column][vc_row_inner][vc_column_inner width=&#8220;1\/4&#8243;][\/vc_column_inner][vc_column_inner width=&#8220;1\/2&#8243;][vc_column_text css=&#8220;&#8220;]<\/p>\n<p style=\"text-align: center;\">Gosti hotela mogu u\u017eivati u suncu uz atmosferu udobnosti i opu\u0161tanja pored otvorenog bazena koristec\u0301i besplatne le\u017ealjke, pe\u0161kire i suncobrane. Priu\u0161tite sebi potpuno opu\u0161tanje.<\/p>\n<p>[\/vc_column_text][\/vc_column_inner][vc_column_inner width=&#8220;1\/4&#8243;][\/vc_column_inner][\/vc_row_inner][\/vc_column][\/vc_row][vc_row full_width=&#8220;stretch_row_content&#8220; equal_height=&#8220;yes&#8220;][vc_column][vc_row_inner][vc_column_inner][vc_masonry_media_grid element_width=&#8220;3&#8243; item=&#8220;masonryMedia_ScaleWithRotationLight&#8220; css=&#8220;&#8220; initial_loading_animation=&#8220;fadeIn&#8220; grid_id=&#8220;vc_gid:1751973538387-6911ae4b-710a-3&#8243; include=&#8220;58145,58153,58165,58167,58169,58171,58175,58197&#8243;][\/vc_column_inner][\/vc_row_inner][\/vc_column][\/vc_row]<\/p>\n<\/div>","protected":false},"excerpt":{"rendered":"<p>[vc_row css=&#8220;.vc_custom_1625427972204{padding-bottom: 30px !important;}&#8220;][vc_column][vc_row_inner][vc_column_inner width=&#8220;1\/4&#8243;][\/vc_column_inner][vc_column_inner width=&#8220;1\/2&#8243;][vc_column_text css=&#8220;&#8220;] Gosti hotela mogu u\u017eivati u suncu uz atmosferu udobnosti i opu\u0161tanja pored otvorenog bazena koristec\u0301i besplatne le\u017ealjke, pe\u0161kire i suncobrane. Priu\u0161tite sebi potpuno opu\u0161tanje. [\/vc_column_text][\/vc_column_inner][vc_column_inner width=&#8220;1\/4&#8243;][\/vc_column_inner][\/vc_row_inner][\/vc_column][\/vc_row][vc_row full_width=&#8220;stretch_row_content&#8220; equal_height=&#8220;yes&#8220;][vc_column][vc_row_inner][vc_column_inner][vc_masonry_media_grid element_width=&#8220;3&#8243; item=&#8220;masonryMedia_ScaleWithRotationLight&#8220; css=&#8220;&#8220; initial_loading_animation=&#8220;fadeIn&#8220; grid_id=&#8220;vc_gid:1751973538387-6911ae4b-710a-3&#8243; include=&#8220;58145,58153,58165,58167,58169,58171,58175,58197&#8243;][\/vc_column_inner][\/vc_row_inner][\/vc_column][\/vc_row]<\/p>\n","protected":false},"author":1,"featured_media":0,"parent":0,"menu_order":0,"comment_status":"closed","ping_status":"closed","template":"","meta":{"footnotes":""},"class_list":["post-58323","page","type-page","status-publish","hentry","description-off"],"_links":{"self":[{"href":"https:\/\/rpalazzo.com\/sr\/wp-json\/wp\/v2\/pages\/58323","targetHints":{"allow":["GET"]}}],"collection":[{"href":"https:\/\/rpalazzo.com\/sr\/wp-json\/wp\/v2\/pages"}],"about":[{"href":"https:\/\/rpalazzo.com\/sr\/wp-json\/wp\/v2\/types\/page"}],"author":[{"embeddable":true,"href":"https:\/\/rpalazzo.com\/sr\/wp-json\/wp\/v2\/users\/1"}],"replies":[{"embeddable":true,"href":"https:\/\/rpalazzo.com\/sr\/wp-json\/wp\/v2\/comments?post=58323"}],"version-history":[{"count":2,"href":"https:\/\/rpalazzo.com\/sr\/wp-json\/wp\/v2\/pages\/58323\/revisions"}],"predecessor-version":[{"id":58333,"href":"https:\/\/rpalazzo.com\/sr\/wp-json\/wp\/v2\/pages\/58323\/revisions\/58333"}],"wp:attachment":[{"href":"https:\/\/rpalazzo.com\/sr\/wp-json\/wp\/v2\/media?parent=58323"}],"curies":[{"name":"wp","href":"https:\/\/api.w.org\/{rel}","templated":true}]}}