{"id":58325,"date":"2021-07-04T15:22:45","date_gmt":"2021-07-04T13:22:45","guid":{"rendered":"https:\/\/rpalazzo.com\/restaurant\/"},"modified":"2025-07-08T13:18:04","modified_gmt":"2025-07-08T11:18:04","slug":"restoran","status":"publish","type":"page","link":"https:\/\/rpalazzo.com\/sr\/restoran\/","title":{"rendered":"Restoran"},"content":{"rendered":"<div class=\"wpb-content-wrapper\"><p>[vc_row css=&#8220;.vc_custom_1584354759565{padding-bottom: 50px !important;}&#8220;][vc_column][vc_row_inner][vc_column_inner width=&#8220;1\/4&#8243;][\/vc_column_inner][vc_column_inner width=&#8220;1\/2&#8243;][vc_column_text css=&#8220;&#8220;]<\/p>\n<p style=\"text-align: center;\">Restoran je savr\u0161eno mjesto za opu\u0161tanje na kraju dana. Smje\u0161ten u prizemlju, nudi elegantnu i mirnu atmosferu gdje mo\u017eete u\u017eivati u raznovrsnim koktelima, vinima, toplim i hladnim napicima i pic\u0301ima koja se slu\u017ee tokom popodneva i ve\u010deri.<br \/>\nPored \u0161irokog asortimana toplih i hladnih napitaka, domac\u0301e kafe i domac\u0301ih i stranih pic\u0301a, nudi i raznovrsne specijalitete i deserte..<\/p>\n<p>[\/vc_column_text][\/vc_column_inner][vc_column_inner width=&#8220;1\/4&#8243;][\/vc_column_inner][\/vc_row_inner][\/vc_column][\/vc_row][vc_row full_width=&#8220;stretch_row_content&#8220; equal_height=&#8220;yes&#8220;][vc_column][vc_row_inner][vc_column_inner][vc_masonry_media_grid element_width=&#8220;3&#8243; item=&#8220;masonryMedia_ScaleWithRotationLight&#8220; css=&#8220;&#8220; initial_loading_animation=&#8220;fadeIn&#8220; grid_id=&#8220;vc_gid:1751973416171-d8438179-4c43-2&#8243; include=&#8220;58155,58157,58159,58161,58163,58177,58179,58197,58199,58189&#8243;][\/vc_column_inner][\/vc_row_inner][\/vc_column][\/vc_row]<\/p>\n<\/div>","protected":false},"excerpt":{"rendered":"<p>[vc_row css=&#8220;.vc_custom_1584354759565{padding-bottom: 50px !important;}&#8220;][vc_column][vc_row_inner][vc_column_inner width=&#8220;1\/4&#8243;][\/vc_column_inner][vc_column_inner width=&#8220;1\/2&#8243;][vc_column_text css=&#8220;&#8220;] Restoran je savr\u0161eno mjesto za opu\u0161tanje na kraju dana. Smje\u0161ten u prizemlju, nudi elegantnu i mirnu atmosferu gdje mo\u017eete u\u017eivati u raznovrsnim koktelima, vinima, toplim i hladnim napicima i pic\u0301ima koja se slu\u017ee tokom popodneva i ve\u010deri. Pored \u0161irokog asortimana toplih i hladnih napitaka, domac\u0301e kafe i domac\u0301ih&hellip;<\/p>\n","protected":false},"author":1,"featured_media":0,"parent":0,"menu_order":0,"comment_status":"closed","ping_status":"closed","template":"","meta":{"footnotes":""},"class_list":["post-58325","page","type-page","status-publish","hentry","description-off"],"_links":{"self":[{"href":"https:\/\/rpalazzo.com\/sr\/wp-json\/wp\/v2\/pages\/58325","targetHints":{"allow":["GET"]}}],"collection":[{"href":"https:\/\/rpalazzo.com\/sr\/wp-json\/wp\/v2\/pages"}],"about":[{"href":"https:\/\/rpalazzo.com\/sr\/wp-json\/wp\/v2\/types\/page"}],"author":[{"embeddable":true,"href":"https:\/\/rpalazzo.com\/sr\/wp-json\/wp\/v2\/users\/1"}],"replies":[{"embeddable":true,"href":"https:\/\/rpalazzo.com\/sr\/wp-json\/wp\/v2\/comments?post=58325"}],"version-history":[{"count":3,"href":"https:\/\/rpalazzo.com\/sr\/wp-json\/wp\/v2\/pages\/58325\/revisions"}],"predecessor-version":[{"id":58331,"href":"https:\/\/rpalazzo.com\/sr\/wp-json\/wp\/v2\/pages\/58325\/revisions\/58331"}],"wp:attachment":[{"href":"https:\/\/rpalazzo.com\/sr\/wp-json\/wp\/v2\/media?parent=58325"}],"curies":[{"name":"wp","href":"https:\/\/api.w.org\/{rel}","templated":true}]}}